{"id":55,"date":"2021-06-18T08:26:32","date_gmt":"2021-06-18T06:26:32","guid":{"rendered":"http:\/\/ldmaintenance-chambley.fr\/index.php\/one-page-express\/"},"modified":"2023-02-28T11:17:40","modified_gmt":"2023-02-28T10:17:40","slug":"one-page-express","status":"publish","type":"page","link":"https:\/\/ldmaintenance-chambley.fr\/","title":{"rendered":"Front Page"},"content":{"rendered":"<div  id=\"content-4\" style=\"background-color: rgb(255, 255, 255);\" data-label=\"Content\" data-id=\"content-image-right\" data-category=\"content\" class=\"content-right-image-section\"> <div  class=\"gridContainer\"> <div  class=\"content-right-image-gridcol\"> <div  class=\"content-right-image-textcol dynamic-color\" data-type=\"column\"> <h2  class=\"\">Qui sommes-nous ?<\/h2> <p  class=\"large_text\">Sp\u00e9cialis\u00e9 dans la maintenance  d\u2019avion de loisir, notre atelier est bas\u00e9 dans le d\u00e9partement  Meurthe et Moselle sur l\u2019a\u00e9rodrome de Chambley <br > Base Planet\u2019Air \u2013 Hageville. \n<br ><br >Nous assurons la maintenance et l\u2019entretien sur avions mono-moteur et bi-moteurs&nbsp;. <br ><br >Fort de 30 ann\u00e9es d\u2019exp\u00e9rience dans la maintenance a\u00e9ronautique civile et militaire et d\u2019un personnel qualifi\u00e9 (Part 66) nous accordons une grande importance \u00e0 la qualit\u00e9 ainsi qu\u2019\u00e0 vos besoins.<\/p> <a class=\"button blue\" href=\"https:\/\/aerodrome.chambley.grandest.fr\" target=\"_blank\" rel=\"noopener noreferrer\"> Site de Chambley <\/a> <\/div> <div  class=\"content-right-image-imgcol\" data-type=\"column\"> <img  src=\"http:\/\/ldmaintenance-chambley.fr\/wp-content\/uploads\/2021\/06\/cid_ii_k3foaqwj0-scaled.jpg\" class=\"\" alt=\"\"> <\/div> <\/div> <\/div> <\/div><div  id=\"cta-1\" data-label=\"Call to action\" data-id=\"cta-blue-section\" data-category=\"cta\" class=\"cta-blue-section\"> <div  class=\"gridContainer\"> <div  class=\"flexbox-list flexbox-list-align-center row\"> <div  class=\"cta-blue-textcol dynamic-color\"> <h2  class=\"cta-blue-text\"> <b >Une question ?<\/b><\/h2> <\/div> <div  class=\"cta-blue-btncol\"> <a class=\"button big yellow dark-text\" href=\"mailto:ld.maintenance.aviation@gmail.com\" target=\"_self\" rel=\"noopener noreferrer\"> contactez-nous <\/a> <\/div> <\/div> <\/div> <\/div><div  data-label=\"Maintenance\" data-id=\"about-four-boxes-section\" data-category=\"about\" class=\"about-four-boxes-section\" id=\"maintenance\" style=\"background-color: rgb(246, 246, 246);\"> <div  class=\"gridContainer\"> <div  class=\"about-four-boxes-innerrow flexbox-list\"> <div  class=\"about-four-boxes-imgcol\" data-bg=\"image\" style=\"background-image: url(&quot;http:\/\/ldmaintenance-chambley.fr\/wp-content\/uploads\/2021\/06\/57476244929__BBB93FFF-4D2D-47AB-A208-61470E132242-scaled.jpg&quot;);\"><\/div> <div  class=\"about-four-boxes-textcol\" data-type=\"column\">  <h2  class=\"\">Maintenance<\/h2> <p  class=\"\">Notre atelier agr\u00e9\u00e9  FR.CAO.0030 intervient sur avion  et  ULM d\u2019une large gamme de constructeur&nbsp;: ROBIN, CESSNA, CIRRUS, SOCATA, PIPER, AVIAT, EXTRA, ALPHA AVIATION\u2026.<br ><br >&gt;&gt;&nbsp; Visite r\u00e9glementaire et pr\u00e9ventive&nbsp;   &lt;&lt;<br >&gt;&gt;&nbsp; Inspection et r\u00e9paration&nbsp;   &lt;&lt;<br >&gt;&gt;&nbsp; Entretien et r\u00e9vision moteur jusqu\u2019\u00e0 GV&nbsp;   &lt;&lt;<br >&gt;&gt;&nbsp; D\u00e9pannages sur site (V\u00e9hicule atelier  homologu\u00e9) &nbsp;  &lt;&lt; <br >&gt;&gt;&nbsp;  Echange standard moteur et h\u00e9lice&nbsp;   &lt;&lt;<br >&gt;&gt;&nbsp; R\u00e9vision Magneto&nbsp; &lt;&lt;<\/p> <\/div> <div  class=\"about-four-boxes-textcol\" data-type=\"column\">  <h2  class=\"\">Suivi de la Navigabilit\u00e9<\/h2> <h4  class=\"\">LD Maintenance est d\u00e9tenteur de l\u2019agr\u00e9ment CAO (CAMO)<\/h4><p  class=\"\">Nous pouvons ainsi assurer le suivi et le maintien de la navigabilit\u00e9&nbsp;de vos a\u00e9ronefs conform\u00e9ment \u00e0 la r\u00e9glementation europ\u00e9enne EASA.<br ><br >&gt;&gt;&nbsp; Examens de navigabilit\u00e9 (CDN,CEN)&nbsp;   &lt;&lt;<br >&gt;&gt;&nbsp; Contr\u00f4le et mise \u00e0 jour des Programmes d\u2019entretien&nbsp;   &lt;&lt;<br >&gt;&gt;&nbsp; Suivi des \u00e9l\u00e9ments \u00e0 potentiels (Kardex)&nbsp;   &lt;&lt;<br >&gt;&gt;&nbsp; Application des consignes de navigabilit\u00e9 (AD\/CN\/SB)&nbsp;   &lt;&lt;<br ><br >Nous mettons \u00e0 votre disposition un formulaire pour le suivi de vos heures de vol <\/p> <\/div> <div  class=\"about-four-boxes-imgcol2\" data-bg=\"image\" style=\"background-image: url(&quot;http:\/\/ldmaintenance-chambley.fr\/wp-content\/uploads\/2021\/06\/cid_ii_k3foasp51-scaled.jpg&quot;);\"><\/div> <\/div> <\/div><\/div><div  data-label=\"Clients\" data-id=\"clients-strip-section\" data-category=\"clients\" class=\"clients-strip-section\" id=\"clients-2\" style=\"background-color: rgb(255, 255, 255);\"> <div  class=\"row_187\" data-type=\"row\" data-add-content=\"false\"> <div  class=\"clients-strip-itemcol cp2cols\"> <div  class=\"middle_align1\"><a  href=\"#\"><img  class=\"clients-strip-itemimg\" src=\"http:\/\/ldmaintenance-chambley.fr\/wp-content\/uploads\/2021\/06\/cirrus-aircraft-logo-80A007B56B-seeklogo.com_.png\"><\/a> <\/div> <\/div> <div  class=\"clients-strip-itemcol cp2cols\"> <div  class=\"middle_align1\"><a  href=\"#\"><img  class=\"clients-strip-itemimg\" src=\"http:\/\/ldmaintenance-chambley.fr\/wp-content\/uploads\/2021\/06\/aviat_aircraft_husky_santa_logo.png\"><\/a> <\/div> <\/div>   <div  class=\"clients-strip-itemcol cp2cols\"> <div  class=\"middle_align1\"><a  href=\"#\"><img  class=\"clients-strip-itemimg\" src=\"http:\/\/ldmaintenance-chambley.fr\/wp-content\/uploads\/2021\/06\/1200px-Cessna_Logo.svg_.png\"><\/a> <\/div> <\/div> <div  class=\"clients-strip-itemcol cp2cols\"> <div  class=\"middle_align1\"><a  href=\"#\"><img  class=\"clients-strip-itemimg\" src=\"http:\/\/ldmaintenance-chambley.fr\/wp-content\/uploads\/2021\/06\/Piper_Aircraft_logo.svg_.png\"><\/a> <\/div> <\/div> <div  class=\"clients-strip-itemcol cp2cols\"> <div  class=\"middle_align1\"><a href=\"#\" target=\"_self\" rel=\"noopener noreferrer\"><img  class=\"clients-strip-itemimg\" src=\"http:\/\/ldmaintenance-chambley.fr\/wp-content\/uploads\/2021\/06\/Robin_Aircraft.png\"><\/a> <\/div> <\/div><div  class=\"clients-strip-itemcol cp2cols\"> <div  class=\"middle_align1\"><a href=\"#\" target=\"_self\" rel=\"noopener noreferrer\"><img  class=\"clients-strip-itemimg\" src=\"http:\/\/ldmaintenance-chambley.fr\/wp-content\/uploads\/2021\/06\/LOGO_DAHER-scaled.jpg\"><\/a> <\/div> <\/div><\/div><\/div>","protected":false},"excerpt":{"rendered":"<p>Qui sommes-nous ? Sp\u00e9cialis\u00e9 dans la maintenance d\u2019avion de loisir, notre atelier est bas\u00e9 dans le d\u00e9partement Meurthe et Moselle sur l\u2019a\u00e9rodrome de Chambley Base Planet\u2019Air \u2013 Hageville. Nous assurons la maintenance et l\u2019entretien sur avions mono-moteur et bi-moteurs&nbsp;. Fort de 30 ann\u00e9es d\u2019exp\u00e9rience dans la maintenance a\u00e9ronautique civile et militaire et d\u2019un personnel qualifi\u00e9&hellip; <br \/> <a class=\"button small blue\" href=\"https:\/\/ldmaintenance-chambley.fr\/\">Read more<\/a><\/p>\n","protected":false},"author":1,"featured_media":0,"parent":0,"menu_order":0,"comment_status":"closed","ping_status":"closed","template":"","meta":[],"_links":{"self":[{"href":"https:\/\/ldmaintenance-chambley.fr\/index.php\/wp-json\/wp\/v2\/pages\/55"}],"collection":[{"href":"https:\/\/ldmaintenance-chambley.fr\/index.php\/wp-json\/wp\/v2\/pages"}],"about":[{"href":"https:\/\/ldmaintenance-chambley.fr\/index.php\/wp-json\/wp\/v2\/types\/page"}],"author":[{"embeddable":true,"href":"https:\/\/ldmaintenance-chambley.fr\/index.php\/wp-json\/wp\/v2\/users\/1"}],"replies":[{"embeddable":true,"href":"https:\/\/ldmaintenance-chambley.fr\/index.php\/wp-json\/wp\/v2\/comments?post=55"}],"version-history":[{"count":14,"href":"https:\/\/ldmaintenance-chambley.fr\/index.php\/wp-json\/wp\/v2\/pages\/55\/revisions"}],"predecessor-version":[{"id":101,"href":"https:\/\/ldmaintenance-chambley.fr\/index.php\/wp-json\/wp\/v2\/pages\/55\/revisions\/101"}],"wp:attachment":[{"href":"https:\/\/ldmaintenance-chambley.fr\/index.php\/wp-json\/wp\/v2\/media?parent=55"}],"curies":[{"name":"wp","href":"https:\/\/api.w.org\/{rel}","templated":true}]}}