{"id":69,"date":"2021-06-19T16:59:06","date_gmt":"2021-06-19T14:59:06","guid":{"rendered":"http:\/\/ldmaintenance-chambley.fr\/?page_id=69"},"modified":"2021-06-19T17:00:28","modified_gmt":"2021-06-19T15:00:28","slug":"mentions-legales","status":"publish","type":"page","link":"https:\/\/ldmaintenance-chambley.fr\/index.php\/mentions-legales\/","title":{"rendered":"Mentions l\u00e9gales"},"content":{"rendered":"\n<p>Nom du site : www.ldmaintenance-chambley.fr<\/p>\n\n\n\n<p>Publication : Dominique Luttringer<\/p>\n\n\n\n<p>Raison sociale : 7, Boulevard Saint Exupery &#8211; 54470 HAGEVILLE<\/p>\n\n\n\n<p>Siret : 482 734 456 00049<\/p>\n\n\n\n<p>H\u00e9bergeur : OVH \u2013 Si\u00e8ge Social 2 rue Kellermann \u2013 59100 ROUBAIX<\/p>\n\n\n\n<h2>Contenus<\/h2>\n\n\n\n<p>Si vous remarquez un lien bris\u00e9, une omission ou une erreur, vous pouvez le signaler en nous-contactant.<\/p>\n\n\n\n<p>Aucune publicit\u00e9 n\u2019est admise et affich\u00e9e sur ce site Internet.<\/p>\n\n\n\n<h2>L\u00e9gislation<\/h2>\n\n\n\n<p>Loi informatique et libert\u00e9 :<\/p>\n\n\n\n<p>La loi n\u00b0 78-17 du 6 Janvier 1978 dite informatique et libert\u00e9s modifi\u00e9e par la Loi n\u00b0 2004-801 du 6 Ao\u00fbt 2004.<\/p>\n\n\n\n<p>Lorsque des donn\u00e9es pr\u00e9sentes sur ce site Internet ont un caract\u00e8re nominatif, les utilisateurs doivent en faire un usage conforme aux r\u00e9glementations en vigueur et notamment aux recommandations de la Commission nationale de l\u2019informatique et des libert\u00e9s (CNIL). En particulier ces informations ne doivent \u00eatre utilis\u00e9es qu\u2019\u00e0 des fins personnelles, associatives ou professionnelles, toute diffusion ou utilisation \u00e0 des fins<br>commerciales ou publicitaires sont interdites.<\/p>\n\n\n\n<p>Conform\u00e9ment \u00e0 l\u2019article 34 de la loi informatique et libert\u00e9 vous disposez d\u2019un droit d\u2019acc\u00e8s aux informations vous concernant. Vous pouvez \u00e9galement modifier ou supprimer ces informations vous concernant.<\/p>\n\n\n\n<p>Pour exercer ce droit d\u2019acc\u00e8s il convient d\u2019\u00e9crire \u00e0 l\u2019adresse suivante : 7, Boulevard Saint Exupery &#8211; 54470 HAGEVILLE<\/p>\n\n\n\n<p>Loi du 29 Juillet 1881 modifi\u00e9e sur la libert\u00e9 de la presse.<\/p>\n\n\n\n<p>Article L 323-1 et suivants du Code P\u00e9nal relatifs \u00e0 l\u2019atteinte aux syst\u00e8mes de traitements automatis\u00e9s des donn\u00e9es.<\/p>\n\n\n\n<p>Loi n\u00b0 94-665 du 4 ao\u00fbt 1994 modifi\u00e9e relative \u00e0 l\u2019emploi de la langue fran\u00e7aise.<\/p>\n\n\n\n<p>Loi n\u00b0 2004-575 du 21 Juin 2004 pour la confiance dans l\u2019\u00e9conomie num\u00e9rique.<\/p>\n\n\n\n<p>Les dispositions du Code de la Propri\u00e9t\u00e9 Intellectuelle relative \u00e0 la propri\u00e9t\u00e9 litt\u00e9raire et artistique.<\/p>\n\n\n\n<h2>Droit d\u2019auteurs et copyright<\/h2>\n\n\n\n<p>L\u2019ensemble de ce site Internet rel\u00e8ve de la l\u00e9gislation fran\u00e7aise et internationale sur le droit d\u2019auteur et la propri\u00e9t\u00e9 intellectuelle. Tous les droits de reproduction sont r\u00e9serv\u00e9s, y compris pour les documents t\u00e9l\u00e9chargeables et les repr\u00e9sentations iconographiques et photographiques. La reproduction de tout ou partie de ce site sur un<br>support \u00e9lectronique quel qu\u2019il soit est formellement interdite sauf autorisation expresse du directeur de la publication.<\/p>\n\n\n\n<p>Conform\u00e9ment aux dispositions du Code de la Propri\u00e9t\u00e9 Intellectuelle toute reproduction partielle ou totale \u00e0 usage collectif est strictement interdite sans autorisation expresse de Mr. Luttringer.<\/p>\n\n\n\n<p>Le site Internet de LD Maintenance, dans la totalit\u00e9 de ses composantes (textes, \u00e9l\u00e9ments graphiques, photos) constitue une \u0153uvre prot\u00e9g\u00e9e en France par le Code de la Propri\u00e9t\u00e9 Intellectuelle, et \u00e0 l\u2019\u00e9tranger par les conventions internationales en vigueur sur le droit d\u2019auteur.<\/p>\n\n\n\n<p>La violation de l\u2019un de ces droits est un d\u00e9lit de contrefa\u00e7on passible de poursuites.<\/p>\n\n\n\n<p>Les fichiers r\u00e9sultants ne sont jamais transmis \u00e0 des tiers. En particulier, Mr. Luttringer ne commercialise aucun fichier d\u2019adresses ou de courriels.<\/p>\n\n\n\n<p>Cr\u00e9dits photographiques : LD Maintenance<\/p>\n\n\n\n<p>Contenu : Les informations mises \u00e0 disposition sur ce site Internet n\u2019ont qu\u2019une valeur indicative et ne sauraient engager la responsabilit\u00e9 de LD Maintenance.<\/p>\n\n\n\n<h2>Liens hypertextes<\/h2>\n\n\n\n<p>LD Maintenance d\u00e9cline toute responsabilit\u00e9 quant aux sites Internet poss\u00e9dant un lien vers celui de LD Maintenance.<\/p>\n\n\n\n<p>Ce site peut contenir des liens vers d\u2019autres sites Internet, LD Maintenance n\u2019assume aucune responsabilit\u00e9 sur le contenu des sites autres que ceux faisant partie du domaine ldmaintenance-chambley.fr<\/p>\n\n\n\n<h2>Donn\u00e9es personnelles (RGPD)<\/h2>\n\n\n\n<p><strong>1. Responsable :<\/strong><\/p>\n\n\n\n<p>Le responsable des donn\u00e9es personnelles chez LD Maintenance est M Dominique Luttringer, g\u00e9rant de l\u2019entreprise, domicili\u00e9 au 7, Boulevard Saint Exupery &#8211; 54470 HAGEVILLE. Contact : 07 87 20 59 07 \u2013 ld.maintenance.aviation@gmail.com<\/p>\n\n\n\n<p><strong>2. Donn\u00e9es :<\/strong><\/p>\n\n\n\n<p>M Luttringer est amen\u00e9 \u00e0 collecter les donn\u00e9es personnelles de ses clients, fournisseurs, sous traitants, et prospects. Il op\u00e8re une collecte et un classement dans un r\u00e9pertoire de donn\u00e9es logiciel de comptabilit\u00e9 et un r\u00e9pertoire de contacts (logiciel Google) pour ses d\u00e9marches professionnelles.<\/p>\n\n\n\n<p>Le site web www.ldmaintenance-chambley.fr n\u2019utilise pas de cookies publicitaires. Les donn\u00e9es vous concernant sont strictement confidentielles et ne peuvent \u00eatre communiqu\u00e9es par LD Maintenance \u00e0 des tiers.<\/p>\n\n\n\n<p>Elles figurent sur des documents papiers (devis, factures, bon de commandes, ch\u00e8ques) qui sont class\u00e9s dans l\u2019entreprise et, pour certains d\u2019entre eux, \u00e9galement dans des fichiers num\u00e9riques (r\u00e9pertoire logiciel, fichiers textes et PDF), sur un ordinateur muni d\u2019un antivirus et d\u2019un pare-feu. L\u2019ensemble de ces donn\u00e9es personnelles est stock\u00e9 sur 1 disque dur de l\u2019entreprise en interne.<\/p>\n\n\n\n<p>Le r\u00e9pertoire de contacts est stock\u00e9 chez Google sur leur serveur en externe et sous leur s\u00e9curit\u00e9.<\/p>\n\n\n\n<p>Les donn\u00e9es personnelles sont surveill\u00e9es de fa\u00e7on r\u00e9guli\u00e8re pour en actualiser le contenu.<\/p>\n\n\n\n<p><strong>3. R\u00e9seaux sociaux professionnels :<\/strong><\/p>\n\n\n\n<p>LD Maintenance poss\u00e8de une page Facebook, un profil Linkedin sur internet, qui sont d\u00e9di\u00e9s \u00e0 l\u2019activit\u00e9 de l\u2019entreprise dans le cadre de sa promotion et des interactions avec sa client\u00e8le ou ses fournisseurs. LD Maintenance respecte les conditions d\u2019utilisation de ces sites, mais au cas ou des donn\u00e9es personnelles seraient d\u00e9tourn\u00e9es, merci de vous adressez \u00e0 M Luttringer afin qu\u2019il d\u00e9truise les donn\u00e9es concern\u00e9es. Les fournisseurs (Facebook, Linkedin) sont \u00e9galement soumis au RGPD.<\/p>\n\n\n\n<p><strong>4. Conservation des donn\u00e9es :<\/strong><\/p>\n\n\n\n<p>Les donn\u00e9es de contact (noms, pr\u00e9noms, adresses, t\u00e9l\u00e9phones, courriels, noms d\u2019entreprises, professions, site web) seront conserv\u00e9es sans limite de dur\u00e9e dans le r\u00e9pertoire de contact et actualis\u00e9es si besoin.<\/p>\n\n\n\n<p><strong>5. R\u00e9clamations :<\/strong><\/p>\n\n\n\n<p>En cas de r\u00e9clamation sur l\u2019utilisation de vos donn\u00e9es personnelles ou de retrait de votre consentement ou de demande de rectification ou de destruction de ces donn\u00e9es, pour des raisons justifi\u00e9es par vous et en rapport avec le respect du RGPD, merci de contacter M Luttringer par courriel \u00e0 ld.maintenance.aviation@gmail.com.<\/p>\n\n\n\n<p>En application de la loi informatique et libert\u00e9 vous disposez des droits suivants :<\/p>\n\n\n\n<p>Article 26 : Droit d\u2019opposition.<\/p>\n\n\n\n<p>Articles 34 \u00e0 38 : Droits d\u2019acc\u00e8s<\/p>\n\n\n\n<p>Article 36 : Droit de rectification<\/p>\n","protected":false},"excerpt":{"rendered":"<p>Nom du site : www.ldmaintenance-chambley.fr Publication : Dominique Luttringer Raison sociale : 7, Boulevard Saint Exupery &#8211; 54470 HAGEVILLE Siret : 482 734 456 00049 H\u00e9bergeur : OVH \u2013 Si\u00e8ge Social 2 rue Kellermann \u2013 59100 ROUBAIX Contenus Si vous remarquez un lien bris\u00e9, une omission ou une erreur, vous pouvez le signaler en nous-contactant.&hellip; <br \/> <a class=\"button small blue\" href=\"https:\/\/ldmaintenance-chambley.fr\/index.php\/mentions-legales\/\">Read more<\/a><\/p>\n","protected":false},"author":1,"featured_media":0,"parent":0,"menu_order":0,"comment_status":"closed","ping_status":"closed","template":"","meta":[],"_links":{"self":[{"href":"https:\/\/ldmaintenance-chambley.fr\/index.php\/wp-json\/wp\/v2\/pages\/69"}],"collection":[{"href":"https:\/\/ldmaintenance-chambley.fr\/index.php\/wp-json\/wp\/v2\/pages"}],"about":[{"href":"https:\/\/ldmaintenance-chambley.fr\/index.php\/wp-json\/wp\/v2\/types\/page"}],"author":[{"embeddable":true,"href":"https:\/\/ldmaintenance-chambley.fr\/index.php\/wp-json\/wp\/v2\/users\/1"}],"replies":[{"embeddable":true,"href":"https:\/\/ldmaintenance-chambley.fr\/index.php\/wp-json\/wp\/v2\/comments?post=69"}],"version-history":[{"count":2,"href":"https:\/\/ldmaintenance-chambley.fr\/index.php\/wp-json\/wp\/v2\/pages\/69\/revisions"}],"predecessor-version":[{"id":71,"href":"https:\/\/ldmaintenance-chambley.fr\/index.php\/wp-json\/wp\/v2\/pages\/69\/revisions\/71"}],"wp:attachment":[{"href":"https:\/\/ldmaintenance-chambley.fr\/index.php\/wp-json\/wp\/v2\/media?parent=69"}],"curies":[{"name":"wp","href":"https:\/\/api.w.org\/{rel}","templated":true}]}}